{"id":7703,"date":"2020-11-20T11:50:53","date_gmt":"2020-11-20T10:50:53","guid":{"rendered":"http:\/\/kazdigitalmedia.com\/?page_id=7703"},"modified":"2021-09-22T11:18:00","modified_gmt":"2021-09-22T09:18:00","slug":"sitemap","status":"publish","type":"page","link":"https:\/\/kazdigitalmedia.com\/en\/sitemap\/","title":{"rendered":"Sitemap"},"content":{"rendered":"<div data-elementor-type=\"wp-page\" data-elementor-id=\"7703\" class=\"elementor elementor-7703\" data-elementor-post-type=\"page\">\n\t\t\t\t\t\t<section class=\"elementor-section elementor-top-section elementor-element elementor-element-9c9bd49 elementor-section-boxed elementor-section-height-default elementor-section-height-default\" data-id=\"9c9bd49\" data-element_type=\"section\" data-e-type=\"section\">\n\t\t\t\t\t\t<div class=\"elementor-container elementor-column-gap-default\">\n\t\t\t\t\t<div class=\"elementor-column elementor-col-100 elementor-top-column elementor-element elementor-element-81ed2cd\" data-id=\"81ed2cd\" data-element_type=\"column\" data-e-type=\"column\">\n\t\t\t<div class=\"elementor-widget-wrap elementor-element-populated\">\n\t\t\t\t\t\t<div class=\"elementor-element elementor-element-e3356eb elementor-widget elementor-widget-heading\" data-id=\"e3356eb\" data-element_type=\"widget\" data-e-type=\"widget\" data-widget_type=\"heading.default\">\n\t\t\t\t<div class=\"elementor-widget-container\">\n\t\t\t\t\t<h1 class=\"elementor-heading-title elementor-size-default\">Sitemap<\/h1>\t\t\t\t<\/div>\n\t\t\t\t<\/div>\n\t\t\t\t\t<\/div>\n\t\t<\/div>\n\t\t\t\t\t<\/div>\n\t\t<\/section>\n\t\t\t\t<section class=\"elementor-section elementor-top-section elementor-element elementor-element-3269030 elementor-section-boxed elementor-section-height-default elementor-section-height-default\" data-id=\"3269030\" data-element_type=\"section\" data-e-type=\"section\">\n\t\t\t\t\t\t<div class=\"elementor-container elementor-column-gap-default\">\n\t\t\t\t\t<div class=\"elementor-column elementor-col-100 elementor-top-column elementor-element elementor-element-8ba073d\" data-id=\"8ba073d\" data-element_type=\"column\" data-e-type=\"column\">\n\t\t\t<div class=\"elementor-widget-wrap elementor-element-populated\">\n\t\t\t\t\t\t<div class=\"elementor-element elementor-element-dc22520 elementor-widget elementor-widget-sitemap\" data-id=\"dc22520\" data-element_type=\"widget\" data-e-type=\"widget\" data-widget_type=\"sitemap.default\">\n\t\t\t\t<div class=\"elementor-widget-container\">\n\t\t\t\t\t<div class=\"elementor-sitemap-wrap\"><div class=\"elementor-sitemap-section\"><h2 class=\"elementor-sitemap-title elementor-sitemap-page-title\">Pages<\/h2><ul class=\"elementor-sitemap-list elementor-sitemap-page-list\"><li class=\"elementor-sitemap-item elementor-sitemap-item-page page_item page-item-7703\"><a href=\"https:\/\/kazdigitalmedia.com\/en\/sitemap\/\">Sitemap<\/a><\/li><li class=\"elementor-sitemap-item elementor-sitemap-item-page page_item page-item-14473\"><a href=\"https:\/\/kazdigitalmedia.com\/en\/services\/\">Services<\/a><\/li><li class=\"elementor-sitemap-item elementor-sitemap-item-page page_item page-item-5958\"><a href=\"https:\/\/kazdigitalmedia.com\/en\/production-audiovisuelle\/\">Production Audiovisuelle<\/a><\/li><li class=\"elementor-sitemap-item elementor-sitemap-item-page page_item page-item-8788\"><a href=\"https:\/\/kazdigitalmedia.com\/en\/cookies\/\">Politique de cookies<\/a><\/li><li class=\"elementor-sitemap-item elementor-sitemap-item-page page_item page-item-5512\"><a href=\"https:\/\/kazdigitalmedia.com\/en\/services\/identite-visuelle\/\">Branding &amp; Identity<\/a><\/li><li class=\"elementor-sitemap-item elementor-sitemap-item-page page_item page-item-5768\"><a href=\"https:\/\/kazdigitalmedia.com\/en\/\">Home<\/a><\/li><li class=\"elementor-sitemap-item elementor-sitemap-item-page page_item page-item-11116\"><a href=\"https:\/\/kazdigitalmedia.com\/en\/creation-de-site-internet\/\">Cr\u00e9ation Site Internet &#8211; Web Design<\/a><\/li><li class=\"elementor-sitemap-item elementor-sitemap-item-page page_item page-item-5141\"><a href=\"https:\/\/kazdigitalmedia.com\/en\/contact\/\">Contact<\/a><\/li><li class=\"elementor-sitemap-item elementor-sitemap-item-page page_item page-item-3091\"><a href=\"https:\/\/kazdigitalmedia.com\/en\/cgu-mentions-confidentialite\/\">Conditions g\u00e9n\u00e9rales d&rsquo;utilisation &#8211; Mentions &#8211; Confidentialit\u00e9<\/a><\/li><li class=\"elementor-sitemap-item elementor-sitemap-item-page page_item page-item-6789\"><a href=\"https:\/\/kazdigitalmedia.com\/en\/agence-digitale\/\">Agency<\/a><\/li><li class=\"elementor-sitemap-item elementor-sitemap-item-page page_item page-item-6584\"><a href=\"https:\/\/kazdigitalmedia.com\/en\/digital-ads\/\">Ads &#8211; Publicit\u00e9 digitale<\/a><\/li><\/ul><\/div><\/div>\t\t\t\t<\/div>\n\t\t\t\t<\/div>\n\t\t\t\t\t<\/div>\n\t\t<\/div>\n\t\t\t\t\t<\/div>\n\t\t<\/section>\n\t\t\t\t<\/div>","protected":false},"excerpt":{"rendered":"<p>Sitemap<\/p>","protected":false},"author":6,"featured_media":0,"parent":0,"menu_order":0,"comment_status":"closed","ping_status":"closed","template":"","meta":{"footnotes":""},"class_list":["post-7703","page","type-page","status-publish","hentry"],"_links":{"self":[{"href":"https:\/\/kazdigitalmedia.com\/en\/wp-json\/wp\/v2\/pages\/7703","targetHints":{"allow":["GET"]}}],"collection":[{"href":"https:\/\/kazdigitalmedia.com\/en\/wp-json\/wp\/v2\/pages"}],"about":[{"href":"https:\/\/kazdigitalmedia.com\/en\/wp-json\/wp\/v2\/types\/page"}],"author":[{"embeddable":true,"href":"https:\/\/kazdigitalmedia.com\/en\/wp-json\/wp\/v2\/users\/6"}],"replies":[{"embeddable":true,"href":"https:\/\/kazdigitalmedia.com\/en\/wp-json\/wp\/v2\/comments?post=7703"}],"version-history":[{"count":0,"href":"https:\/\/kazdigitalmedia.com\/en\/wp-json\/wp\/v2\/pages\/7703\/revisions"}],"wp:attachment":[{"href":"https:\/\/kazdigitalmedia.com\/en\/wp-json\/wp\/v2\/media?parent=7703"}],"curies":[{"name":"wp","href":"https:\/\/api.w.org\/{rel}","templated":true}]}}